{"id":16,"date":"2017-02-22T14:22:24","date_gmt":"2017-02-22T13:22:24","guid":{"rendered":"https:\/\/www2.ruck-bau.de\/?page_id=16"},"modified":"2023-09-25T13:24:59","modified_gmt":"2023-09-25T11:24:59","slug":"startseite","status":"publish","type":"page","link":"https:\/\/www.ruck-bau.de\/","title":{"rendered":"Startseite"},"content":{"rendered":"<div id=\"pl-16\"  class=\"panel-layout\" ><div id=\"pg-16-0\"  class=\"panel-grid panel-has-style\" ><div class=\"siteorigin-panels-stretch panel-row-style panel-row-style-for-16-0\" style=\"text-align: center;padding: 30px 0; \" data-stretch-type=\"full\" data-overlay=\"true\" data-overlay-color=\"#000000\" ><div id=\"pgc-16-0-0\"  class=\"panel-grid-cell\" ><div id=\"panel-16-0-0-0\" class=\"so-panel widget widget_sydney_facts sydney_facts_widget panel-first-child panel-last-child\" data-index=\"0\" ><div style=\"text-align: center;\" data-title-color=\"#ffffff\" data-headings-color=\"#ffffff\" class=\"panel-widget-style panel-widget-style-for-16-0-0-0\" >\r\n\t\t<h3 class=\"widget-title\">Zahlen und Fakten<\/h3>\r\n\t\t\t\t<div class=\"col-md-3 col-sm-3\">\r\n\t\t\t<div class=\"roll-counter\">\r\n\t\t\t\t<i class=\"fa fa-dot-circle-o\"><\/i>\r\n\t\t\t\t<div class=\"name-count\">Gr\u00fcndung<\/div>\r\n\t\t\t\t<div class=\"numb-count\" data-from=\"0\" data-to=\"2003\" data-speed=\"2000\" data-waypoint-active=\"yes\">2003<\/div>\r\n\t\t\t<\/div>\r\n\t\t<\/div>\r\n\t\t\t\t\t\t<div class=\"col-md-3 col-sm-3\">\r\n\t\t\t<div class=\"roll-counter\">\r\n\t\t\t\t<i class=\"fa fa-male\"><\/i>\r\n\t\t\t\t<div class=\"name-count\">Mitarbeiter<\/div>\r\n\t\t\t\t<div class=\"numb-count\" data-from=\"0\" data-to=\"34\" data-speed=\"2000\" data-waypoint-active=\"yes\">34<\/div>\r\n\t\t\t<\/div>\r\n\t\t<\/div>\r\n\t\t\t\t\t\t<div class=\"col-md-3 col-sm-3\">\r\n\t\t\t<div class=\"roll-counter\">\r\n\t\t\t\t<i class=\"fa fa-home\"><\/i>\r\n\t\t\t\t<div class=\"name-count\">Realisierte Bauprojekte<\/div>\r\n\t\t\t\t<div class=\"numb-count\" data-from=\"0\" data-to=\"538\" data-speed=\"2000\" data-waypoint-active=\"yes\">538<\/div>\r\n\t\t\t<\/div>\r\n\t\t<\/div>\r\n\t\t\t\t\t\t<div class=\"col-md-3 col-sm-3\">\r\n\t\t\t<div class=\"roll-counter\">\r\n\t\t\t\t<i class=\"fa fa-spinner\"><\/i>\r\n\t\t\t\t<div class=\"name-count\">Laufende Bauprojekte<\/div>\r\n\t\t\t\t<div class=\"numb-count\" data-from=\"0\" data-to=\"12\" data-speed=\"2000\" data-waypoint-active=\"yes\">12<\/div>\r\n\t\t\t<\/div>\r\n\t\t<\/div>\r\n\t\t\r\n\t<\/div><\/div><\/div><\/div><\/div><div id=\"pg-16-1\"  class=\"panel-grid panel-has-style\" ><div style=\"padding: 30px 0; \" data-overlay-color=\"#000000\" class=\"panel-row-style panel-row-style-for-16-1\" ><div id=\"pgc-16-1-0\"  class=\"panel-grid-cell\" ><div id=\"panel-16-1-0-0\" class=\"so-panel widget widget_sydney_portfolio sydney_portfolio_widget panel-first-child panel-last-child\" data-index=\"1\" ><div style=\"text-align: left;\" data-title-color=\"#ffffff\" data-headings-color=\"#ffffff\" class=\"panel-widget-style panel-widget-style-for-16-1-0-0\" ><h3 class=\"widget-title\">Unsere Projekte<\/h3><div class=\"project-wrap\"><ul class=\"project-filter\" id=\"filters\"><li><a href=\"#\" data-filter=\"*\">Zeige alle<\/a><\/li><li><a href='#' data-filter='.aussenanlagen'>Au\u00dfenanlagen<\/a><\/li>\n<li><a href='#' data-filter='.einfamilienwohnhaeuser'>Einfamilienwohnh\u00e4auser<\/a><\/li>\n<li><a href='#' data-filter='.landwirtschafts-und-gewerbegebaeude'>Landwirtschafts- und Gewerbegeb\u00e4ude<\/a><\/li>\n<li><a href='#' data-filter='.mehrfamilienwohnhaeuser'>Mehrfamilienwohnh\u00e4user<\/a><\/li>\n<\/ul><div class=\"roll-project fullwidth\"><div class=\"isotope-container\" data-portfolio-effect=\"fadeInUp\"><div class=\"project-item item isotope-item aussenanlagen \"><a class=\"project-pop-wrap\" href=\"https:\/\/www.ruck-bau.de\/?projects=schnabel-schweigern\"><div class=\"project-pop\"><\/div><div class=\"project-title-wrap\"><div class=\"project-title\"><span>Schnabel, Schweigern<\/span><\/div><\/div><\/a><a href=\"https:\/\/www.ruck-bau.de\/?projects=schnabel-schweigern\"><img loading=\"lazy\" decoding=\"async\" width=\"480\" height=\"320\" src=\"https:\/\/www.ruck-bau.de\/wp-content\/uploads\/2017\/03\/Aussenanalge-480x320.jpg\" class=\"attachment-sydney-mas-thumb size-sydney-mas-thumb wp-post-image\" alt=\"\" srcset=\"https:\/\/www.ruck-bau.de\/wp-content\/uploads\/2017\/03\/Aussenanalge-480x320.jpg 480w, https:\/\/www.ruck-bau.de\/wp-content\/uploads\/2017\/03\/Aussenanalge-300x200.jpg 300w, https:\/\/www.ruck-bau.de\/wp-content\/uploads\/2017\/03\/Aussenanalge-768x512.jpg 768w, https:\/\/www.ruck-bau.de\/wp-content\/uploads\/2017\/03\/Aussenanalge-1024x683.jpg 1024w, https:\/\/www.ruck-bau.de\/wp-content\/uploads\/2017\/03\/Aussenanalge-830x553.jpg 830w, https:\/\/www.ruck-bau.de\/wp-content\/uploads\/2017\/03\/Aussenanalge-230x153.jpg 230w, https:\/\/www.ruck-bau.de\/wp-content\/uploads\/2017\/03\/Aussenanalge-350x233.jpg 350w, https:\/\/www.ruck-bau.de\/wp-content\/uploads\/2017\/03\/Aussenanalge-272x182.jpg 272w, https:\/\/www.ruck-bau.de\/wp-content\/uploads\/2017\/03\/Aussenanalge-e1489163101398.jpg 1000w\" sizes=\"auto, (max-width: 480px) 100vw, 480px\" \/><\/a><\/div><div class=\"project-item item isotope-item mehrfamilienwohnhaeuser \"><a class=\"project-pop-wrap\" href=\"https:\/\/www.ruck-bau.de\/?projects=ruck-koenig-bad-mergentheim\"><div class=\"project-pop\"><\/div><div class=\"project-title-wrap\"><div class=\"project-title\"><span>Ruck \/ K\u00f6nig, Bad Mergentheim<\/span><\/div><\/div><\/a><a href=\"https:\/\/www.ruck-bau.de\/?projects=ruck-koenig-bad-mergentheim\"><img loading=\"lazy\" decoding=\"async\" width=\"480\" height=\"320\" src=\"https:\/\/www.ruck-bau.de\/wp-content\/uploads\/2017\/03\/Mehrfamilie-KR-III-480x320.jpg\" class=\"attachment-sydney-mas-thumb size-sydney-mas-thumb wp-post-image\" alt=\"\" srcset=\"https:\/\/www.ruck-bau.de\/wp-content\/uploads\/2017\/03\/Mehrfamilie-KR-III-480x320.jpg 480w, https:\/\/www.ruck-bau.de\/wp-content\/uploads\/2017\/03\/Mehrfamilie-KR-III-300x200.jpg 300w, https:\/\/www.ruck-bau.de\/wp-content\/uploads\/2017\/03\/Mehrfamilie-KR-III-768x512.jpg 768w, https:\/\/www.ruck-bau.de\/wp-content\/uploads\/2017\/03\/Mehrfamilie-KR-III-1024x683.jpg 1024w, https:\/\/www.ruck-bau.de\/wp-content\/uploads\/2017\/03\/Mehrfamilie-KR-III-830x553.jpg 830w, https:\/\/www.ruck-bau.de\/wp-content\/uploads\/2017\/03\/Mehrfamilie-KR-III-230x153.jpg 230w, https:\/\/www.ruck-bau.de\/wp-content\/uploads\/2017\/03\/Mehrfamilie-KR-III-350x233.jpg 350w, https:\/\/www.ruck-bau.de\/wp-content\/uploads\/2017\/03\/Mehrfamilie-KR-III-272x182.jpg 272w, https:\/\/www.ruck-bau.de\/wp-content\/uploads\/2017\/03\/Mehrfamilie-KR-III-e1489163282460.jpg 1000w\" sizes=\"auto, (max-width: 480px) 100vw, 480px\" \/><\/a><\/div><div class=\"project-item item isotope-item landwirtschafts-und-gewerbegebaeude \"><a class=\"project-pop-wrap\" href=\"https:\/\/www.ruck-bau.de\/?projects=moebius-bad-mergentheim\"><div class=\"project-pop\"><\/div><div class=\"project-title-wrap\"><div class=\"project-title\"><span>M\u00f6bius, Bad Mergentheim<\/span><\/div><\/div><\/a><a href=\"https:\/\/www.ruck-bau.de\/?projects=moebius-bad-mergentheim\"><img loading=\"lazy\" decoding=\"async\" width=\"480\" height=\"320\" src=\"https:\/\/www.ruck-bau.de\/wp-content\/uploads\/2017\/03\/Gewerbe-M-I-480x320.jpg\" class=\"attachment-sydney-mas-thumb size-sydney-mas-thumb wp-post-image\" alt=\"\" srcset=\"https:\/\/www.ruck-bau.de\/wp-content\/uploads\/2017\/03\/Gewerbe-M-I-480x320.jpg 480w, https:\/\/www.ruck-bau.de\/wp-content\/uploads\/2017\/03\/Gewerbe-M-I-300x200.jpg 300w, https:\/\/www.ruck-bau.de\/wp-content\/uploads\/2017\/03\/Gewerbe-M-I-768x512.jpg 768w, https:\/\/www.ruck-bau.de\/wp-content\/uploads\/2017\/03\/Gewerbe-M-I-1024x683.jpg 1024w, https:\/\/www.ruck-bau.de\/wp-content\/uploads\/2017\/03\/Gewerbe-M-I-830x553.jpg 830w, https:\/\/www.ruck-bau.de\/wp-content\/uploads\/2017\/03\/Gewerbe-M-I-230x153.jpg 230w, https:\/\/www.ruck-bau.de\/wp-content\/uploads\/2017\/03\/Gewerbe-M-I-350x233.jpg 350w, https:\/\/www.ruck-bau.de\/wp-content\/uploads\/2017\/03\/Gewerbe-M-I-272x182.jpg 272w, https:\/\/www.ruck-bau.de\/wp-content\/uploads\/2017\/03\/Gewerbe-M-I-e1489163498131.jpg 1000w\" sizes=\"auto, (max-width: 480px) 100vw, 480px\" \/><\/a><\/div><div class=\"project-item item isotope-item einfamilienwohnhaeuser \"><a class=\"project-pop-wrap\" href=\"https:\/\/www.ruck-bau.de\/?projects=meder-oberschuepf\"><div class=\"project-pop\"><\/div><div class=\"project-title-wrap\"><div class=\"project-title\"><span>Meder, Obersch\u00fcpf<\/span><\/div><\/div><\/a><a href=\"https:\/\/www.ruck-bau.de\/?projects=meder-oberschuepf\"><img loading=\"lazy\" decoding=\"async\" width=\"480\" height=\"320\" src=\"https:\/\/www.ruck-bau.de\/wp-content\/uploads\/2017\/03\/Haus-M-2I-480x320.jpg\" class=\"attachment-sydney-mas-thumb size-sydney-mas-thumb wp-post-image\" alt=\"\" srcset=\"https:\/\/www.ruck-bau.de\/wp-content\/uploads\/2017\/03\/Haus-M-2I-480x320.jpg 480w, https:\/\/www.ruck-bau.de\/wp-content\/uploads\/2017\/03\/Haus-M-2I-300x200.jpg 300w, https:\/\/www.ruck-bau.de\/wp-content\/uploads\/2017\/03\/Haus-M-2I-768x512.jpg 768w, https:\/\/www.ruck-bau.de\/wp-content\/uploads\/2017\/03\/Haus-M-2I-1024x683.jpg 1024w, https:\/\/www.ruck-bau.de\/wp-content\/uploads\/2017\/03\/Haus-M-2I-830x553.jpg 830w, https:\/\/www.ruck-bau.de\/wp-content\/uploads\/2017\/03\/Haus-M-2I-230x153.jpg 230w, https:\/\/www.ruck-bau.de\/wp-content\/uploads\/2017\/03\/Haus-M-2I-350x233.jpg 350w, https:\/\/www.ruck-bau.de\/wp-content\/uploads\/2017\/03\/Haus-M-2I-272x182.jpg 272w, https:\/\/www.ruck-bau.de\/wp-content\/uploads\/2017\/03\/Haus-M-2I-e1489163151150.jpg 1000w\" sizes=\"auto, (max-width: 480px) 100vw, 480px\" \/><\/a><\/div><div class=\"project-item item isotope-item einfamilienwohnhaeuser \"><a class=\"project-pop-wrap\" href=\"https:\/\/www.ruck-bau.de\/?projects=testttest\"><div class=\"project-pop\"><\/div><div class=\"project-title-wrap\"><div class=\"project-title\"><span>Gr\u00fcnewald, Schweigern<\/span><\/div><\/div><\/a><a href=\"https:\/\/www.ruck-bau.de\/?projects=testttest\"><img loading=\"lazy\" decoding=\"async\" width=\"480\" height=\"320\" src=\"https:\/\/www.ruck-bau.de\/wp-content\/uploads\/2017\/03\/Haus-G-III-480x320.jpg\" class=\"attachment-sydney-mas-thumb size-sydney-mas-thumb wp-post-image\" alt=\"\" srcset=\"https:\/\/www.ruck-bau.de\/wp-content\/uploads\/2017\/03\/Haus-G-III-480x320.jpg 480w, https:\/\/www.ruck-bau.de\/wp-content\/uploads\/2017\/03\/Haus-G-III-300x200.jpg 300w, https:\/\/www.ruck-bau.de\/wp-content\/uploads\/2017\/03\/Haus-G-III-768x512.jpg 768w, https:\/\/www.ruck-bau.de\/wp-content\/uploads\/2017\/03\/Haus-G-III-1024x683.jpg 1024w, https:\/\/www.ruck-bau.de\/wp-content\/uploads\/2017\/03\/Haus-G-III-830x553.jpg 830w, https:\/\/www.ruck-bau.de\/wp-content\/uploads\/2017\/03\/Haus-G-III-230x153.jpg 230w, https:\/\/www.ruck-bau.de\/wp-content\/uploads\/2017\/03\/Haus-G-III-350x233.jpg 350w, https:\/\/www.ruck-bau.de\/wp-content\/uploads\/2017\/03\/Haus-G-III-272x182.jpg 272w, https:\/\/www.ruck-bau.de\/wp-content\/uploads\/2017\/03\/Haus-G-III-e1489163465398.jpg 1000w\" sizes=\"auto, (max-width: 480px) 100vw, 480px\" \/><\/a><\/div><div class=\"project-item item isotope-item einfamilienwohnhaeuser \"><a class=\"project-pop-wrap\" href=\"https:\/\/www.ruck-bau.de\/?projects=testtt\"><div class=\"project-pop\"><\/div><div class=\"project-title-wrap\"><div class=\"project-title\"><span>Metzger, Angelt\u00fcrn<\/span><\/div><\/div><\/a><a href=\"https:\/\/www.ruck-bau.de\/?projects=testtt\"><img loading=\"lazy\" decoding=\"async\" width=\"480\" height=\"320\" src=\"https:\/\/www.ruck-bau.de\/wp-content\/uploads\/2017\/03\/Haus-M-I-480x320.jpg\" class=\"attachment-sydney-mas-thumb size-sydney-mas-thumb wp-post-image\" alt=\"\" srcset=\"https:\/\/www.ruck-bau.de\/wp-content\/uploads\/2017\/03\/Haus-M-I-480x320.jpg 480w, https:\/\/www.ruck-bau.de\/wp-content\/uploads\/2017\/03\/Haus-M-I-300x200.jpg 300w, https:\/\/www.ruck-bau.de\/wp-content\/uploads\/2017\/03\/Haus-M-I-768x512.jpg 768w, https:\/\/www.ruck-bau.de\/wp-content\/uploads\/2017\/03\/Haus-M-I-1024x683.jpg 1024w, https:\/\/www.ruck-bau.de\/wp-content\/uploads\/2017\/03\/Haus-M-I-830x553.jpg 830w, https:\/\/www.ruck-bau.de\/wp-content\/uploads\/2017\/03\/Haus-M-I-230x153.jpg 230w, https:\/\/www.ruck-bau.de\/wp-content\/uploads\/2017\/03\/Haus-M-I-350x233.jpg 350w, https:\/\/www.ruck-bau.de\/wp-content\/uploads\/2017\/03\/Haus-M-I-272x182.jpg 272w, https:\/\/www.ruck-bau.de\/wp-content\/uploads\/2017\/03\/Haus-M-I-e1489163042172.jpg 1000w\" sizes=\"auto, (max-width: 480px) 100vw, 480px\" \/><\/a><\/div><div class=\"project-item item isotope-item landwirtschafts-und-gewerbegebaeude \"><a class=\"project-pop-wrap\" href=\"https:\/\/www.ruck-bau.de\/?projects=ttest\"><div class=\"project-pop\"><\/div><div class=\"project-title-wrap\"><div class=\"project-title\"><span>Bach, Rot am See<\/span><\/div><\/div><\/a><a href=\"https:\/\/www.ruck-bau.de\/?projects=ttest\"><img loading=\"lazy\" decoding=\"async\" width=\"480\" height=\"320\" src=\"https:\/\/www.ruck-bau.de\/wp-content\/uploads\/2017\/03\/Landwirtschaft-B-II-480x320.jpg\" class=\"attachment-sydney-mas-thumb size-sydney-mas-thumb wp-post-image\" alt=\"\" srcset=\"https:\/\/www.ruck-bau.de\/wp-content\/uploads\/2017\/03\/Landwirtschaft-B-II-480x320.jpg 480w, https:\/\/www.ruck-bau.de\/wp-content\/uploads\/2017\/03\/Landwirtschaft-B-II-300x200.jpg 300w, https:\/\/www.ruck-bau.de\/wp-content\/uploads\/2017\/03\/Landwirtschaft-B-II-768x512.jpg 768w, https:\/\/www.ruck-bau.de\/wp-content\/uploads\/2017\/03\/Landwirtschaft-B-II-1024x683.jpg 1024w, https:\/\/www.ruck-bau.de\/wp-content\/uploads\/2017\/03\/Landwirtschaft-B-II-830x553.jpg 830w, https:\/\/www.ruck-bau.de\/wp-content\/uploads\/2017\/03\/Landwirtschaft-B-II-230x153.jpg 230w, https:\/\/www.ruck-bau.de\/wp-content\/uploads\/2017\/03\/Landwirtschaft-B-II-350x233.jpg 350w, https:\/\/www.ruck-bau.de\/wp-content\/uploads\/2017\/03\/Landwirtschaft-B-II-272x182.jpg 272w, https:\/\/www.ruck-bau.de\/wp-content\/uploads\/2017\/03\/Landwirtschaft-B-II-e1489163328972.jpg 1000w\" sizes=\"auto, (max-width: 480px) 100vw, 480px\" \/><\/a><\/div><div class=\"project-item item isotope-item einfamilienwohnhaeuser \"><a class=\"project-pop-wrap\" href=\"https:\/\/www.ruck-bau.de\/?projects=test\"><div class=\"project-pop\"><\/div><div class=\"project-title-wrap\"><div class=\"project-title\"><span>Becher, Schweigern<\/span><\/div><\/div><\/a><a href=\"https:\/\/www.ruck-bau.de\/?projects=test\"><img loading=\"lazy\" decoding=\"async\" width=\"480\" height=\"320\" src=\"https:\/\/www.ruck-bau.de\/wp-content\/uploads\/2017\/03\/Haus-B-II-480x320.jpg\" class=\"attachment-sydney-mas-thumb size-sydney-mas-thumb wp-post-image\" alt=\"\" srcset=\"https:\/\/www.ruck-bau.de\/wp-content\/uploads\/2017\/03\/Haus-B-II-480x320.jpg 480w, https:\/\/www.ruck-bau.de\/wp-content\/uploads\/2017\/03\/Haus-B-II-300x200.jpg 300w, https:\/\/www.ruck-bau.de\/wp-content\/uploads\/2017\/03\/Haus-B-II-768x512.jpg 768w, https:\/\/www.ruck-bau.de\/wp-content\/uploads\/2017\/03\/Haus-B-II-1024x683.jpg 1024w, https:\/\/www.ruck-bau.de\/wp-content\/uploads\/2017\/03\/Haus-B-II-830x553.jpg 830w, https:\/\/www.ruck-bau.de\/wp-content\/uploads\/2017\/03\/Haus-B-II-230x153.jpg 230w, https:\/\/www.ruck-bau.de\/wp-content\/uploads\/2017\/03\/Haus-B-II-350x233.jpg 350w, https:\/\/www.ruck-bau.de\/wp-content\/uploads\/2017\/03\/Haus-B-II-272x182.jpg 272w, https:\/\/www.ruck-bau.de\/wp-content\/uploads\/2017\/03\/Haus-B-II-e1489163220778.jpg 1000w\" sizes=\"auto, (max-width: 480px) 100vw, 480px\" \/><\/a><\/div><\/div><\/div><\/div><!-- \/.project-wrap --><\/div><\/div><\/div><\/div><\/div><div id=\"pg-16-2\"  class=\"panel-grid panel-has-style\" ><div class=\"siteorigin-panels-stretch panel-row-style panel-row-style-for-16-2\" style=\"background-image: url(https:\/\/www.ruck-bau.de\/wp-content\/uploads\/2017\/03\/cropped-Header.jpg);padding: 20px 0; \" data-stretch-type=\"full\" data-hasbg=\"hasbg\" data-overlay=\"true\" data-overlay-color=\"#000000\" ><div id=\"pgc-16-2-0\"  class=\"panel-grid-cell\" ><div id=\"panel-16-2-0-0\" class=\"so-panel widget widget_sydney_testimonials sydney_testimonials_widget panel-first-child panel-last-child\" data-index=\"2\" ><div style=\"text-align: left;\" data-title-color=\"#ffffff\" data-headings-color=\"#ffffff\" class=\"panel-widget-style panel-widget-style-for-16-2-0-0\" >\t\t\t<h3 class=\"widget-title\">Das sagen unsere Kunden<\/h3>\t\t\t<div class=\"col-md-12\">\r\n\t\t\t\t<div class=\"roll-testimonials\" data-autoplay=\"5000\">\r\n\t\t\t\t\t\t\t\t\t\t\t                        <div class=\"customer\">\r\n                            <blockquote class=\"whisper\"><p>&#8222;H\u00f6chste Zuverl\u00e4ssigkeit und schnelle Fertigstellung. Es hat alles gepasst!&#8220;<\/p>\n<\/blockquote>                               \r\n                                                        <div class=\"avatar\">\r\n                                <img loading=\"lazy\" decoding=\"async\" width=\"1000\" height=\"667\" src=\"https:\/\/www.ruck-bau.de\/wp-content\/uploads\/2017\/03\/Haus-M2III-e1489163136264.jpg\" class=\"attachment-post-thumbnail size-post-thumbnail wp-post-image\" alt=\"\" \/>                            <\/div>\r\n                                                            \r\n                            <div class=\"name\">\r\n                            \tAndreas M.                            \t<span><\/span>\r\n                            <\/div>\r\n                        <\/div>\r\n\t\t\t\t\t\t\t\t\t\t\t                        <div class=\"customer\">\r\n                            <blockquote class=\"whisper\"><p>&#8222;H\u00f6chste Expertise\u00a0in allen Bereichen und wertvolle Tipps.&#8220;<\/p>\n<\/blockquote>                               \r\n                                                        <div class=\"avatar\">\r\n                                <img loading=\"lazy\" decoding=\"async\" width=\"1000\" height=\"666\" src=\"https:\/\/www.ruck-bau.de\/wp-content\/uploads\/2017\/03\/Aussenanlagen-e1489163111291.jpg\" class=\"attachment-post-thumbnail size-post-thumbnail wp-post-image\" alt=\"\" \/>                            <\/div>\r\n                                                            \r\n                            <div class=\"name\">\r\n                            \tMichael S.                            \t<span>Au\u00dfenanlage mit Blocksatz, Jahr: 2016<\/span>\r\n                            <\/div>\r\n                        <\/div>\r\n\t\t\t\t\t\t\t\t\t\t\t                        <div class=\"customer\">\r\n                            <blockquote class=\"whisper\"><p>&#8222;Tolles Team, p\u00fcnktliche und zuverl\u00e4ssige Fertigstellung. Jederzeit wieder!&#8220;<\/p>\n<\/blockquote>                               \r\n                                                        <div class=\"avatar\">\r\n                                <img loading=\"lazy\" decoding=\"async\" width=\"1000\" height=\"667\" src=\"https:\/\/www.ruck-bau.de\/wp-content\/uploads\/2017\/03\/Haus-M-III-e1489163206341.jpg\" class=\"attachment-post-thumbnail size-post-thumbnail wp-post-image\" alt=\"\" \/>                            <\/div>\r\n                                                            \r\n                            <div class=\"name\">\r\n                            \tJ\u00fcrgen M.                            \t<span>Einfamilienwohnhaus, Jahr: 2009<\/span>\r\n                            <\/div>\r\n                        <\/div>\r\n\t\t\t\t\t\t\t\t\t<\/div>\r\n\t\t\t<\/div>\t\r\n\r\n\t\t\t\t\r\n\r\n\t<\/div><\/div><\/div><\/div><\/div><\/div>","protected":false},"excerpt":{"rendered":"<p>Zahlen und Fakten Gr\u00fcndung 2003 Mitarbeiter 34 Realisierte Bauprojekte 538 Laufende Bauprojekte 12 Unsere ProjekteZeige alleAu\u00dfenanlagen Einfamilienwohnh\u00e4auser Landwirtschafts- und Gewerbegeb\u00e4ude Mehrfamilienwohnh\u00e4user Schnabel, [&hellip;]<\/p>\n","protected":false},"author":1,"featured_media":0,"parent":0,"menu_order":0,"comment_status":"closed","ping_status":"closed","template":"page-templates\/page_front-page.php","meta":{"footnotes":""},"class_list":["post-16","page","type-page","status-publish","hentry"],"_links":{"self":[{"href":"https:\/\/www.ruck-bau.de\/index.php?rest_route=\/wp\/v2\/pages\/16","targetHints":{"allow":["GET"]}}],"collection":[{"href":"https:\/\/www.ruck-bau.de\/index.php?rest_route=\/wp\/v2\/pages"}],"about":[{"href":"https:\/\/www.ruck-bau.de\/index.php?rest_route=\/wp\/v2\/types\/page"}],"author":[{"embeddable":true,"href":"https:\/\/www.ruck-bau.de\/index.php?rest_route=\/wp\/v2\/users\/1"}],"replies":[{"embeddable":true,"href":"https:\/\/www.ruck-bau.de\/index.php?rest_route=%2Fwp%2Fv2%2Fcomments&post=16"}],"version-history":[{"count":42,"href":"https:\/\/www.ruck-bau.de\/index.php?rest_route=\/wp\/v2\/pages\/16\/revisions"}],"predecessor-version":[{"id":728,"href":"https:\/\/www.ruck-bau.de\/index.php?rest_route=\/wp\/v2\/pages\/16\/revisions\/728"}],"wp:attachment":[{"href":"https:\/\/www.ruck-bau.de\/index.php?rest_route=%2Fwp%2Fv2%2Fmedia&parent=16"}],"curies":[{"name":"wp","href":"https:\/\/api.w.org\/{rel}","templated":true}]}}