{"id":49,"date":"2017-02-27T10:39:52","date_gmt":"2017-02-27T09:39:52","guid":{"rendered":"https:\/\/www2.ruck-bau.de\/?page_id=49"},"modified":"2017-03-15T08:59:41","modified_gmt":"2017-03-15T07:59:41","slug":"team","status":"publish","type":"page","link":"https:\/\/www.ruck-bau.de\/?page_id=49","title":{"rendered":"Team"},"content":{"rendered":"<div id=\"pl-49\"  class=\"panel-layout\" ><div id=\"pg-49-0\"  class=\"panel-grid panel-has-style\" ><div style=\"padding: 0px 0; \" data-overlay=\"true\" data-overlay-color=\"#000000\" class=\"panel-row-style panel-row-style-for-49-0\" ><div id=\"pgc-49-0-0\"  class=\"panel-grid-cell\" ><div id=\"panel-49-0-0-0\" class=\"so-panel widget widget_sow-editor panel-first-child panel-last-child\" data-index=\"0\" ><div style=\"text-align: left;\" data-title-color=\"#443f3f\" data-headings-color=\"#443f3f\" class=\"panel-widget-style panel-widget-style-for-49-0-0-0\" ><div\n\t\t\t\n\t\t\tclass=\"so-widget-sow-editor so-widget-sow-editor-base\"\n\t\t\t\n\t\t>\n<div class=\"siteorigin-widget-tinymce textwidget\">\n\t<p>Ein eingespieltes Team aus Maurermeistern, Facharbeitern, Maschinisten, Polieren und B\u00fcrospezialisten sorgt seit \u00fcber 10 Jahren daf\u00fcr, dass Ihr Bauvorhaben p\u00fcnktlich, zuverl\u00e4ssig und zu Ihrer Zufriedenheit umgesetzt wird. Jeder unserer Mitarbeiter ist Teil eines funktionierenden Zahnrads, das perfekt ineinandergreift und eine optimale Zusammenarbeit und Umsetzung Ihres Bauvorhabens erm\u00f6glicht. Getreu dem Motto \u201eEin Unternehmen ist nur so gut wie seine Mitarbeiter\u201c, sehen wir die Motivation unserer Mitarbeiter als den Schl\u00fcssel zu unserem Unternehmenserfolg.<\/p>\n<h6>\u201eEin Team. Eine Familie\u201c ist bei uns gelebte Firmenphilosophie.<\/h6>\n<\/div>\n<\/div><\/div><\/div><\/div><\/div><\/div><\/div>","protected":false},"excerpt":{"rendered":"<p>Ein eingespieltes Team aus Maurermeistern, Facharbeitern, Maschinisten, Polieren und B\u00fcrospezialisten sorgt seit \u00fcber 10 Jahren daf\u00fcr, dass Ihr Bauvorhaben p\u00fcnktlich, zuverl\u00e4ssig und [&hellip;]<\/p>\n","protected":false},"author":2,"featured_media":0,"parent":0,"menu_order":0,"comment_status":"closed","ping_status":"closed","template":"","meta":{"footnotes":""},"class_list":["post-49","page","type-page","status-publish","hentry"],"_links":{"self":[{"href":"https:\/\/www.ruck-bau.de\/index.php?rest_route=\/wp\/v2\/pages\/49","targetHints":{"allow":["GET"]}}],"collection":[{"href":"https:\/\/www.ruck-bau.de\/index.php?rest_route=\/wp\/v2\/pages"}],"about":[{"href":"https:\/\/www.ruck-bau.de\/index.php?rest_route=\/wp\/v2\/types\/page"}],"author":[{"embeddable":true,"href":"https:\/\/www.ruck-bau.de\/index.php?rest_route=\/wp\/v2\/users\/2"}],"replies":[{"embeddable":true,"href":"https:\/\/www.ruck-bau.de\/index.php?rest_route=%2Fwp%2Fv2%2Fcomments&post=49"}],"version-history":[{"count":7,"href":"https:\/\/www.ruck-bau.de\/index.php?rest_route=\/wp\/v2\/pages\/49\/revisions"}],"predecessor-version":[{"id":367,"href":"https:\/\/www.ruck-bau.de\/index.php?rest_route=\/wp\/v2\/pages\/49\/revisions\/367"}],"wp:attachment":[{"href":"https:\/\/www.ruck-bau.de\/index.php?rest_route=%2Fwp%2Fv2%2Fmedia&parent=49"}],"curies":[{"name":"wp","href":"https:\/\/api.w.org\/{rel}","templated":true}]}}