{"id":84,"date":"2017-03-01T14:16:27","date_gmt":"2017-03-01T13:16:27","guid":{"rendered":"https:\/\/www2.ruck-bau.de\/?page_id=84"},"modified":"2017-07-21T13:24:35","modified_gmt":"2017-07-21T11:24:35","slug":"einfamilienwohnhaus","status":"publish","type":"page","link":"https:\/\/www.ruck-bau.de\/?page_id=84","title":{"rendered":"Einfamilienwohnh\u00e4user"},"content":{"rendered":"<div id=\"pl-84\"  class=\"panel-layout\" ><div id=\"pg-84-0\"  class=\"panel-grid panel-has-style\" ><div style=\"padding: 0px 0; \" data-overlay=\"true\" data-overlay-color=\"#000000\" class=\"panel-row-style panel-row-style-for-84-0\" ><div id=\"pgc-84-0-0\"  class=\"panel-grid-cell\" ><div id=\"panel-84-0-0-0\" class=\"so-panel widget widget_sow-editor panel-first-child panel-last-child\" data-index=\"0\" ><div style=\"text-align: left;\" data-title-color=\"#443f3f\" data-headings-color=\"#443f3f\" class=\"panel-widget-style panel-widget-style-for-84-0-0-0\" ><div\n\t\t\t\n\t\t\tclass=\"so-widget-sow-editor so-widget-sow-editor-base\"\n\t\t\t\n\t\t>\n<div class=\"siteorigin-widget-tinymce textwidget\">\n\t<h6>Am Puls der Zeit\u00a0<\/h6>\n<p>Ob klassisches Wohnhaus mit oder ohne integrierten Keller und Garage, modernes Loft mit Flach- oder Pultdach oder gro\u00dfz\u00fcgiges Kreativquartier -\u00a0Wir sind Ihr zuverl\u00e4ssiger Partner, wenn es um die Realisation Ihres pers\u00f6nlichen\u00a0Traumhauses\u00a0geht. Energieeffizienz\u00a0und Verantwortung\u00a0bilden die Grundlage unserer Baukunst und markieren die Eckpfeiler unserer Unternehmenskultur. Mit uns sind Sie am Puls der Zeit.<\/p>\n<p>\u00a0<\/p>\n<h6><strong>Spezialist und Generalist\u00a0<\/strong><\/h6>\n<p>Wir sind der Spezialist f\u00fcr\u00a0Sichtbeton, auch in Verbindung mit Naturstein-Mauerwerk in jeglicher\u00a0Ausf\u00fchrung.\u00a0Das Bauunternehmen Hartmut Ruck ist au\u00dferdem bekannt f\u00fcr die Kunst der fl\u00fcgelgegl\u00e4tteten\u00a0Betonb\u00f6den im Wohnraum sowie im Garagenbereich mit geringem Gef\u00e4lle.<\/p>\n<p>\u00a0<\/p>\n<h6><strong>Beratung und Expertise<\/strong><\/h6>\n<p>Gerne beraten wir Sie auch hinsichtlich aller anfallenden Arbeiten im Vorfeld eines\u00a0Fertighauses. Unser Leistungsspektrum reicht von s\u00e4mtlichen\u00a0Erdarbeiten wie Aushub- und Entw\u00e4sserungsarbeiten \u00fcber die Anfertigung einer passgenauen Betonplatte oder eines Kellergeschosses, bis hin zur Fertigstellung der Au\u00dfenanlage.<\/p>\n<p>\u00a0<\/p>\n<\/div>\n<\/div><\/div><\/div><\/div><div id=\"pgc-84-0-1\"  class=\"panel-grid-cell panel-grid-cell-empty\" ><\/div><div id=\"pgc-84-0-2\"  class=\"panel-grid-cell\" ><div id=\"panel-84-0-2-0\" class=\"so-panel widget widget_sow-image panel-first-child\" data-index=\"1\" ><div style=\"text-align: left;\" data-title-color=\"#443f3f\" data-headings-color=\"#443f3f\" class=\"panel-widget-style panel-widget-style-for-84-0-2-0\" ><div\n\t\t\t\n\t\t\tclass=\"so-widget-sow-image so-widget-sow-image-default-8b5b6f678277-84\"\n\t\t\t\n\t\t>\n<div class=\"sow-image-container\">\n\t\t<img \n\tsrc=\"https:\/\/www.ruck-bau.de\/wp-content\/uploads\/2017\/03\/Haus-M-I-e1489163042172.jpg\" width=\"1000\" height=\"667\" sizes=\"(max-width: 1000px) 100vw, 1000px\" title=\"Haus M (I)\" alt=\"\" \t\tclass=\"so-widget-image\"\/>\n\t<\/div>\n\n<\/div><\/div><\/div><div id=\"panel-84-0-2-1\" class=\"so-panel widget widget_sow-image\" data-index=\"2\" ><div style=\"text-align: left;\" data-title-color=\"#443f3f\" data-headings-color=\"#443f3f\" class=\"panel-widget-style panel-widget-style-for-84-0-2-1\" ><div\n\t\t\t\n\t\t\tclass=\"so-widget-sow-image so-widget-sow-image-default-8b5b6f678277-84\"\n\t\t\t\n\t\t>\n<div class=\"sow-image-container\">\n\t\t<img \n\tsrc=\"https:\/\/www.ruck-bau.de\/wp-content\/uploads\/2017\/03\/Haus-G-III-e1489163465398.jpg\" width=\"1000\" height=\"667\" sizes=\"(max-width: 1000px) 100vw, 1000px\" title=\"Haus G (III)\" alt=\"\" \t\tclass=\"so-widget-image\"\/>\n\t<\/div>\n\n<\/div><\/div><\/div><div id=\"panel-84-0-2-2\" class=\"so-panel widget widget_sow-image\" data-index=\"3\" ><div style=\"text-align: left;\" data-title-color=\"#443f3f\" data-headings-color=\"#443f3f\" class=\"panel-widget-style panel-widget-style-for-84-0-2-2\" ><div\n\t\t\t\n\t\t\tclass=\"so-widget-sow-image so-widget-sow-image-default-8b5b6f678277-84\"\n\t\t\t\n\t\t>\n<div class=\"sow-image-container\">\n\t\t<img \n\tsrc=\"https:\/\/www.ruck-bau.de\/wp-content\/uploads\/2017\/03\/Haus-M2III-e1489163136264.jpg\" width=\"1000\" height=\"667\" sizes=\"(max-width: 1000px) 100vw, 1000px\" title=\"Haus M2(III)\" alt=\"\" \t\tclass=\"so-widget-image\"\/>\n\t<\/div>\n\n<\/div><\/div><\/div><div id=\"panel-84-0-2-3\" class=\"so-panel widget widget_sow-image panel-last-child\" data-index=\"4\" ><div style=\"text-align: left;\" data-title-color=\"#443f3f\" data-headings-color=\"#443f3f\" class=\"panel-widget-style panel-widget-style-for-84-0-2-3\" ><div\n\t\t\t\n\t\t\tclass=\"so-widget-sow-image so-widget-sow-image-default-8b5b6f678277-84\"\n\t\t\t\n\t\t>\n<div class=\"sow-image-container\">\n\t\t<img \n\tsrc=\"https:\/\/www.ruck-bau.de\/wp-content\/uploads\/2017\/03\/Haus-B-II-e1489163220778.jpg\" width=\"1000\" height=\"667\" sizes=\"(max-width: 1000px) 100vw, 1000px\" title=\"Haus B (II)\" alt=\"\" \t\tclass=\"so-widget-image\"\/>\n\t<\/div>\n\n<\/div><\/div><\/div><\/div><\/div><\/div><\/div>","protected":false},"excerpt":{"rendered":"<p>Am Puls der Zeit\u00a0Ob klassisches Wohnhaus mit oder ohne integrierten Keller und Garage, modernes Loft mit Flach- oder Pultdach oder gro\u00dfz\u00fcgiges Kreativquartier [&hellip;]<\/p>\n","protected":false},"author":2,"featured_media":0,"parent":51,"menu_order":0,"comment_status":"closed","ping_status":"closed","template":"","meta":{"footnotes":""},"class_list":["post-84","page","type-page","status-publish","hentry"],"_links":{"self":[{"href":"https:\/\/www.ruck-bau.de\/index.php?rest_route=\/wp\/v2\/pages\/84","targetHints":{"allow":["GET"]}}],"collection":[{"href":"https:\/\/www.ruck-bau.de\/index.php?rest_route=\/wp\/v2\/pages"}],"about":[{"href":"https:\/\/www.ruck-bau.de\/index.php?rest_route=\/wp\/v2\/types\/page"}],"author":[{"embeddable":true,"href":"https:\/\/www.ruck-bau.de\/index.php?rest_route=\/wp\/v2\/users\/2"}],"replies":[{"embeddable":true,"href":"https:\/\/www.ruck-bau.de\/index.php?rest_route=%2Fwp%2Fv2%2Fcomments&post=84"}],"version-history":[{"count":28,"href":"https:\/\/www.ruck-bau.de\/index.php?rest_route=\/wp\/v2\/pages\/84\/revisions"}],"predecessor-version":[{"id":292,"href":"https:\/\/www.ruck-bau.de\/index.php?rest_route=\/wp\/v2\/pages\/84\/revisions\/292"}],"up":[{"embeddable":true,"href":"https:\/\/www.ruck-bau.de\/index.php?rest_route=\/wp\/v2\/pages\/51"}],"wp:attachment":[{"href":"https:\/\/www.ruck-bau.de\/index.php?rest_route=%2Fwp%2Fv2%2Fmedia&parent=84"}],"curies":[{"name":"wp","href":"https:\/\/api.w.org\/{rel}","templated":true}]}}