{"id":88,"date":"2017-03-01T14:18:17","date_gmt":"2017-03-01T13:18:17","guid":{"rendered":"https:\/\/www2.ruck-bau.de\/?page_id=88"},"modified":"2017-03-14T16:11:35","modified_gmt":"2017-03-14T15:11:35","slug":"mehrfamilienwohnhaus","status":"publish","type":"page","link":"https:\/\/www.ruck-bau.de\/?page_id=88","title":{"rendered":"Mehrfamilienwohnh\u00e4user"},"content":{"rendered":"<div id=\"pl-88\"  class=\"panel-layout\" ><div id=\"pg-88-0\"  class=\"panel-grid panel-has-style\" ><div style=\"padding: 0px 0; \" data-overlay=\"true\" data-overlay-color=\"#000000\" class=\"panel-row-style panel-row-style-for-88-0\" ><div id=\"pgc-88-0-0\"  class=\"panel-grid-cell\" ><div id=\"panel-88-0-0-0\" class=\"so-panel widget widget_sow-editor panel-first-child panel-last-child\" data-index=\"0\" ><div\n\t\t\t\n\t\t\tclass=\"so-widget-sow-editor so-widget-sow-editor-base\"\n\t\t\t\n\t\t>\n<div class=\"siteorigin-widget-tinymce textwidget\">\n\t<p>Modernes Wohnen und\u00a0sichere Wertanlage\u00a0in Zeiten begrenzter Wohnungskapazit\u00e4ten: Bei Gro\u00dfprojekten sind wir Ihr starker Partner. Mit jahrelanger Erfahrung in der erfolgreichen Umsetzung von Mehrfamilienwohnh\u00e4usern sorgen wir f\u00fcr ein optimales Ergebnis Ihres Wunschobjektes.<\/p>\n<p>In kontinuierlicher R\u00fcckkopplung\u00a0mit Ihrem Architekten entsteht in Kombination mit unserer Expertise ein Massivgeb\u00e4ude oder ein passgenaues Fundament.<\/p>\n<p>In der Vergangenheit realisierten wir bereits Mehrfamilienh\u00e4user mit\u00a0einer Gr\u00f6\u00dfe von sechs bis achtzehn\u00a0Wohneinheiten.<\/p>\n<\/div>\n<\/div><\/div><\/div><div id=\"pgc-88-0-1\"  class=\"panel-grid-cell\" ><div id=\"panel-88-0-1-0\" class=\"so-panel widget widget_sow-image panel-first-child panel-last-child\" data-index=\"1\" ><div style=\"text-align: left;\" data-title-color=\"#443f3f\" data-headings-color=\"#443f3f\" class=\"panel-widget-style panel-widget-style-for-88-0-1-0\" ><div\n\t\t\t\n\t\t\tclass=\"so-widget-sow-image so-widget-sow-image-default-8b5b6f678277-88\"\n\t\t\t\n\t\t>\n<div class=\"sow-image-container\">\n\t\t<img \n\tsrc=\"https:\/\/www.ruck-bau.de\/wp-content\/uploads\/2017\/03\/Mehrfamilie-KR-I-200x300.jpg\" width=\"200\" height=\"300\" srcset=\"https:\/\/www.ruck-bau.de\/wp-content\/uploads\/2017\/03\/Mehrfamilie-KR-I-200x300.jpg 200w, https:\/\/www.ruck-bau.de\/wp-content\/uploads\/2017\/03\/Mehrfamilie-KR-I-768x1152.jpg 768w, https:\/\/www.ruck-bau.de\/wp-content\/uploads\/2017\/03\/Mehrfamilie-KR-I-683x1024.jpg 683w, https:\/\/www.ruck-bau.de\/wp-content\/uploads\/2017\/03\/Mehrfamilie-KR-I-830x1245.jpg 830w, https:\/\/www.ruck-bau.de\/wp-content\/uploads\/2017\/03\/Mehrfamilie-KR-I-230x345.jpg 230w, https:\/\/www.ruck-bau.de\/wp-content\/uploads\/2017\/03\/Mehrfamilie-KR-I-350x525.jpg 350w, https:\/\/www.ruck-bau.de\/wp-content\/uploads\/2017\/03\/Mehrfamilie-KR-I-480x720.jpg 480w, https:\/\/www.ruck-bau.de\/wp-content\/uploads\/2017\/03\/Mehrfamilie-KR-I-e1489163299372.jpg 1000w\" sizes=\"(max-width: 200px) 100vw, 200px\" title=\"Mehrfamilie KR (I)\" alt=\"\" \t\tclass=\"so-widget-image\"\/>\n\t<\/div>\n\n<\/div><\/div><\/div><\/div><\/div><\/div><\/div>","protected":false},"excerpt":{"rendered":"<p>Modernes Wohnen und\u00a0sichere Wertanlage\u00a0in Zeiten begrenzter Wohnungskapazit\u00e4ten: Bei Gro\u00dfprojekten sind wir Ihr starker Partner. Mit jahrelanger Erfahrung in der erfolgreichen Umsetzung von [&hellip;]<\/p>\n","protected":false},"author":2,"featured_media":0,"parent":51,"menu_order":0,"comment_status":"closed","ping_status":"closed","template":"","meta":{"footnotes":""},"class_list":["post-88","page","type-page","status-publish","hentry"],"_links":{"self":[{"href":"https:\/\/www.ruck-bau.de\/index.php?rest_route=\/wp\/v2\/pages\/88","targetHints":{"allow":["GET"]}}],"collection":[{"href":"https:\/\/www.ruck-bau.de\/index.php?rest_route=\/wp\/v2\/pages"}],"about":[{"href":"https:\/\/www.ruck-bau.de\/index.php?rest_route=\/wp\/v2\/types\/page"}],"author":[{"embeddable":true,"href":"https:\/\/www.ruck-bau.de\/index.php?rest_route=\/wp\/v2\/users\/2"}],"replies":[{"embeddable":true,"href":"https:\/\/www.ruck-bau.de\/index.php?rest_route=%2Fwp%2Fv2%2Fcomments&post=88"}],"version-history":[{"count":14,"href":"https:\/\/www.ruck-bau.de\/index.php?rest_route=\/wp\/v2\/pages\/88\/revisions"}],"predecessor-version":[{"id":363,"href":"https:\/\/www.ruck-bau.de\/index.php?rest_route=\/wp\/v2\/pages\/88\/revisions\/363"}],"up":[{"embeddable":true,"href":"https:\/\/www.ruck-bau.de\/index.php?rest_route=\/wp\/v2\/pages\/51"}],"wp:attachment":[{"href":"https:\/\/www.ruck-bau.de\/index.php?rest_route=%2Fwp%2Fv2%2Fmedia&parent=88"}],"curies":[{"name":"wp","href":"https:\/\/api.w.org\/{rel}","templated":true}]}}