{"id":92,"date":"2017-03-01T14:19:32","date_gmt":"2017-03-01T13:19:32","guid":{"rendered":"https:\/\/www2.ruck-bau.de\/?page_id=92"},"modified":"2017-03-05T13:55:47","modified_gmt":"2017-03-05T12:55:47","slug":"sanierung-und-umbauarbeiten","status":"publish","type":"page","link":"https:\/\/www.ruck-bau.de\/?page_id=92","title":{"rendered":"Sanierung und Umbauarbeiten"},"content":{"rendered":"<p>Ein\u00a0Team aus Fachkr\u00e4ften und Maurermeistern\u00a0\u00fcbernimmt Sanierungs- und Umbauarbeiten und sorgt f\u00fcr\u00a0mehr\u00a0Modernit\u00e4t in Ihren vier W\u00e4nden. Zu unseren Leistungen z\u00e4hlen die Anfertigung kleiner und gro\u00dfer Wand\u00f6ffnungen, die nachtr\u00e4glich in Au\u00dfenw\u00e4nde sowie in innenliegenden Tragw\u00e4nden eingef\u00fcgt werden, sowie\u00a0Wanddurchbr\u00fcche f\u00fcr gro\u00dfe Glaselemente im Au\u00dfenbereich und das Einsetzen\u00a0von\u00a0Stahltr\u00e4gern, die die Entfernung tragender W\u00e4nde erm\u00f6glichen.<\/p>\n<p>Gerne beraten wir Sie pers\u00f6nlich und individuell f\u00fcr eine optimale L\u00f6sung Ihres Vorhabens.<\/p>\n","protected":false},"excerpt":{"rendered":"<p>Ein\u00a0Team aus Fachkr\u00e4ften und Maurermeistern\u00a0\u00fcbernimmt Sanierungs- und Umbauarbeiten und sorgt f\u00fcr\u00a0mehr\u00a0Modernit\u00e4t in Ihren vier W\u00e4nden. Zu unseren Leistungen z\u00e4hlen die Anfertigung kleiner [&hellip;]<\/p>\n","protected":false},"author":2,"featured_media":0,"parent":51,"menu_order":0,"comment_status":"closed","ping_status":"closed","template":"","meta":{"footnotes":""},"class_list":["post-92","page","type-page","status-publish","hentry"],"_links":{"self":[{"href":"https:\/\/www.ruck-bau.de\/index.php?rest_route=\/wp\/v2\/pages\/92","targetHints":{"allow":["GET"]}}],"collection":[{"href":"https:\/\/www.ruck-bau.de\/index.php?rest_route=\/wp\/v2\/pages"}],"about":[{"href":"https:\/\/www.ruck-bau.de\/index.php?rest_route=\/wp\/v2\/types\/page"}],"author":[{"embeddable":true,"href":"https:\/\/www.ruck-bau.de\/index.php?rest_route=\/wp\/v2\/users\/2"}],"replies":[{"embeddable":true,"href":"https:\/\/www.ruck-bau.de\/index.php?rest_route=%2Fwp%2Fv2%2Fcomments&post=92"}],"version-history":[{"count":9,"href":"https:\/\/www.ruck-bau.de\/index.php?rest_route=\/wp\/v2\/pages\/92\/revisions"}],"predecessor-version":[{"id":205,"href":"https:\/\/www.ruck-bau.de\/index.php?rest_route=\/wp\/v2\/pages\/92\/revisions\/205"}],"up":[{"embeddable":true,"href":"https:\/\/www.ruck-bau.de\/index.php?rest_route=\/wp\/v2\/pages\/51"}],"wp:attachment":[{"href":"https:\/\/www.ruck-bau.de\/index.php?rest_route=%2Fwp%2Fv2%2Fmedia&parent=92"}],"curies":[{"name":"wp","href":"https:\/\/api.w.org\/{rel}","templated":true}]}}